{"id":11572,"date":"2018-01-22T12:09:14","date_gmt":"2018-01-22T12:09:14","guid":{"rendered":"https:\/\/tdgibelgium.com\/politique-de-confidentialite\/"},"modified":"2021-03-23T12:27:35","modified_gmt":"2021-03-23T12:27:35","slug":"privacyverklaring","status":"publish","type":"page","link":"https:\/\/tdgibelgium.com\/nl\/privacyverklaring\/","title":{"rendered":"Privacyverklaring"},"content":{"rendered":"\n<style type=\"text\/css\" data-created_by=\"avia_inline_auto\" id=\"style-css-av-jjy7k5dr-ada34d2184a52faff33773bd6462f4e4\">\n.avia-section.av-jjy7k5dr-ada34d2184a52faff33773bd6462f4e4{\nbackground-repeat:no-repeat;\nbackground-image:url(https:\/\/tdgibelgium.com\/wp-content\/uploads\/BG_Brussels_arche.jpg);\nbackground-position:50% 50%;\nbackground-attachment:scroll;\n}\n.avia-section.av-jjy7k5dr-ada34d2184a52faff33773bd6462f4e4 .av-section-color-overlay{\nopacity:0.3;\nbackground-color:#000000;\n}\n<\/style>\n<div id='av_section_1'  class='avia-section av-jjy7k5dr-ada34d2184a52faff33773bd6462f4e4 main_color avia-section-default avia-no-border-styling  avia-builder-el-0  el_before_av_section  avia-builder-el-first  avia-full-stretch avia-bg-style-scroll av-section-color-overlay-active  av-minimum-height av-minimum-height-custom  container_wrap fullsize'  data-section-bg-repeat='stretch'><div class='av-section-color-overlay-wrap'><div class=\"av-section-color-overlay\"><\/div><div class='container av-section-cont-open' style='height:350px'><main  role=\"main\" itemprop=\"mainContentOfPage\"  class='template-page content  av-content-full alpha units'><div class='post-entry post-entry-type-page post-entry-11572'><div class='entry-content-wrapper clearfix'>\n<\/div><\/div><\/main><!-- close content main element --><\/div><\/div><\/div>\n<style type=\"text\/css\" data-created_by=\"avia_inline_auto\" id=\"style-css-av-1zcpuv-88b160f1b90b5bdcbf72414b10d3d757\">\n.avia-section.av-1zcpuv-88b160f1b90b5bdcbf72414b10d3d757{\nbackground-repeat:no-repeat;\nbackground-image:url(https:\/\/tdgibelgium.com\/wp-content\/uploads\/BG_home_7.jpg);\nbackground-position:0% 0%;\nbackground-attachment:scroll;\n}\n.avia-section.av-1zcpuv-88b160f1b90b5bdcbf72414b10d3d757 .av-section-color-overlay{\nopacity:0.7;\nbackground-color:#ffffff;\n}\n<\/style>\n<div id='av_section_2'  class='avia-section av-1zcpuv-88b160f1b90b5bdcbf72414b10d3d757 main_color avia-section-large avia-no-border-styling  avia-builder-el-1  el_after_av_section  avia-builder-el-last  avia-full-contain avia-bg-style-scroll av-section-color-overlay-active  container_wrap fullsize'  data-section-bg-repeat='contain'><div class='av-section-color-overlay-wrap'><div class=\"av-section-color-overlay\"><\/div><div class='container av-section-cont-open' ><div class='template-page content  av-content-full alpha units'><div class='post-entry post-entry-type-page post-entry-11572'><div class='entry-content-wrapper clearfix'>\n\n<style type=\"text\/css\" data-created_by=\"avia_inline_auto\" id=\"style-css-av-klv778tq-723db0fc457b2612d8f71434150bd4c3\">\n#top .av-special-heading.av-klv778tq-723db0fc457b2612d8f71434150bd4c3{\nmargin:10px 0 0 0;\npadding-bottom:10px;\n}\n<\/style>\n<div  class='av-special-heading av-klv778tq-723db0fc457b2612d8f71434150bd4c3 av-special-heading-h1 blockquote modern-quote  avia-builder-el-2  el_before_av_textblock  avia-builder-el-first  '><h1 class='av-special-heading-tag '  itemprop=\"headline\"  >Privacyverklaring<\/h1><div class='special-heading-border'><div class='special-heading-inner-border'><\/div><\/div><\/div>\n<section class=\"av_textblock_section \"  itemscope=\"itemscope\" itemtype=\"https:\/\/schema.org\/CreativeWork\" ><div class='avia_textblock  '   itemprop=\"text\" ><p>De website <a href=\"http:\/\/www.tdgiworld.com\/tdgibelgium\">http:\/\/www.tdgiworld.com\/tdgibelgium<\/a> is eigendom van<strong> TDGI S.A. (TDGI).<\/strong><\/p>\n<p>TDGI S.A. respecteert uw privacy en hecht waarde aan de bescherming ervan. Om dit te bereiken merken we op dat onze privacyverklaring informatie over ons privacy beleid bevat, onze praktijken en onze keuzes over hoe we online informatie verzamelen en hoe deze informatie kan worden gebruikt.<\/p>\n<p>Deze website is onderworpen aan de Belgische wetgeving. Belgische rechtbanken zijn uitsluitend bevoegd over geschillen die voortvloeien uit het gebruik van deze website.<\/p>\n<\/div><\/section>\n\n<style type=\"text\/css\" data-created_by=\"avia_inline_auto\" id=\"style-css-av-jjy7w3bd-bf2c66d04219d8e4b63fe2df5dd552b3\">\n#top .togglecontainer.av-jjy7w3bd-bf2c66d04219d8e4b63fe2df5dd552b3 p.toggler{\nborder-color:#3d71a1;\n}\n#top .togglecontainer.av-jjy7w3bd-bf2c66d04219d8e4b63fe2df5dd552b3 .toggle_wrap .toggle_content{\nborder-color:#3d71a1;\n}\n<\/style>\n<div  class='togglecontainer av-jjy7w3bd-bf2c66d04219d8e4b63fe2df5dd552b3 av-minimal-toggle  avia-builder-el-4  el_after_av_textblock  avia-builder-el-last  toggle_close_all ' >\n<section class='av_toggle_section av-kmlzoyjs-7b5d89677601508b540ade9a87aaf6be'  itemscope=\"itemscope\" itemtype=\"https:\/\/schema.org\/CreativeWork\" ><div role=\"tablist\" class=\"single_toggle\" data-tags=\"{Alle} \"  ><p data-fake-id='#gegevens-die-automatisch-verzameld-worden' class='toggler   av-inherit-border-color'  itemprop=\"headline\"  role='tab' tabindex='0' aria-controls='gegevens-die-automatisch-verzameld-worden'>1. Gegevens die automatisch verzameld worden<span class=\"toggle_icon\"><span class=\"vert_icon\"><\/span><span class=\"hor_icon\"><\/span><\/span><\/p><div id='gegevens-die-automatisch-verzameld-worden' class='toggle_wrap  '  ><div class='toggle_content invers-color av-inherit-border-color'  itemprop=\"text\" ><p>Bezoekersdomeinen en IP-adressen worden automatisch geregistreerd. Deze informatie identificeert niet de gebruiker, maar allen de computer die wordt gebruikt om toegang te krijgen tot de website. Deze gegevens worden wereldwijd geanalyseerd om te verifi\u00ebren in welk deel van de wereld de website wordt gebruikt, om de dekking ervan te garanderen en om ons in staat te stellen onze service aan de gebruiker te verbeteren.<\/p>\n<p>Privacy beleid<\/p>\n<p>De website <a href=\"http:\/\/www.tdgiworld.com\">www.tdgiworld.com<\/a> is eigendom van TDGI \u2013 Tecn\u00f3logia de Gest\u00e3o de Im\u00f3veis, S.A..<\/p>\n<p>TDGI respecteert uw privacy en hecht waarde aan de bescherming ervan. Om dit te bereiken merken we op dat onze privacyverklaring informatie over ons privacy beleid bevat, onze praktijken en keuzes die u kunt maken over hoe informatie online wordt verzameld en hoe deze informatie kan worden gebruikt. Op deze website is het recht van toepassing dat in Portugal van kracht is. De Portugese rechtbanken zullen de enige rechtbanken zullen die kunnen beslissen over meningsverschillen die voortvloeien uit het gebruik van deze website.<\/p>\n<\/div><\/div><\/div><\/section>\n<section class='av_toggle_section av-kmlzp3x8-7e94ac9a71ccc684f7c94331744538ae'  itemscope=\"itemscope\" itemtype=\"https:\/\/schema.org\/CreativeWork\" ><div role=\"tablist\" class=\"single_toggle\" data-tags=\"{Alle} \"  ><p data-fake-id='#cookies' class='toggler   av-inherit-border-color'  itemprop=\"headline\"  role='tab' tabindex='0' aria-controls='cookies'>2. Cookies<span class=\"toggle_icon\"><span class=\"vert_icon\"><\/span><span class=\"hor_icon\"><\/span><\/span><\/p><div id='cookies' class='toggle_wrap  '  ><div class='toggle_content invers-color av-inherit-border-color'  itemprop=\"text\" ><p>Om de in punt 1 genoemde informatie te verzamelen, kunnen tijdelijke \u201ccookies\u201d worden gebruikt, die in het \u201ccookies\u201d-bestand van het browserprogramma van de gebruiker blijven opgeslagen, totdat het wordt onderbroken. Cookies alleen worden niet gebruikt om de gebruiker te identificeren. De \u201ccookie\u201d is een klein stukje informatie dat naar de server van de gebruiker wordt gestuurd en op de harde schijf van de computer van de gebruiker wordt gearchiveerd, waardoor de computer niet beschadigd raakt. De gebruiker kan zijn browserprogramma zo instellen dat deze elke keer dat hij een cookie ontvangt op de hoogte wordt gesteld, zodat hij het kan accepteren of weigeren.<\/p>\n<p>Het IP-adres van de gebruiker wordt gebruikt om problemen op de server te diagnosticeren en de website <a href=\"http:\/\/www.tdgiworld.com\/tdgibelgium\">www.tdgiworld.com\/tdgibelgium<\/a> te beheren. Het IP-adres is een digitale code die een computer op het netwerk\/internet identificeert. Het IP-adres van de gebruiker wordt ook gebruikt om demografische informatie te verzamelen. We zullen ook in staat zijn om IP-zoekopdrachten uit te voeren om het startdomein van de gebruiker (bv.: aol.com, asuaempresa.com) te bepalen voor een betere beoordeling van de demografische gegevens van de gebruiker.<\/p>\n<\/div><\/div><\/div><\/section>\n<section class='av_toggle_section av-kmlzpu1s-e4a01bf8aea4f2f4bc7c9768115ada72'  itemscope=\"itemscope\" itemtype=\"https:\/\/schema.org\/CreativeWork\" ><div role=\"tablist\" class=\"single_toggle\" data-tags=\"{Alle} \"  ><p data-fake-id='#het-verzamelen-en-verwerken-van-persoonlijke-gegevens' class='toggler   av-inherit-border-color'  itemprop=\"headline\"  role='tab' tabindex='0' aria-controls='het-verzamelen-en-verwerken-van-persoonlijke-gegevens'>3. Het verzamelen en verwerken van persoonlijke gegevens<span class=\"toggle_icon\"><span class=\"vert_icon\"><\/span><span class=\"hor_icon\"><\/span><\/span><\/p><div id='het-verzamelen-en-verwerken-van-persoonlijke-gegevens' class='toggle_wrap  '  ><div class='toggle_content invers-color av-inherit-border-color'  itemprop=\"text\" ><p>De privacyverklaring is van toepassing op het verzamelen van persoonsgegevens en de daaropvolgende verwerking ervan, evenals op de uitoefening van de rechten van de houder ervan in overeenstemming met de General Data Protection Regulation (GDPR).<\/p>\n<p>De verzamelde gegevens zullen elektronisch worden verwerkt en opgeslagen door de entiteit die verantwoordelijk is voor de verwerking, TDGI \u2013 Tecn\u00f3logia de Gest\u00e3o de Im\u00f3veis, S.A., als entiteit van de Teixeira Duarte groep, en door de meeste bedrijven die zijn ge\u00efntegreerd in haar consolidatiebereik.<\/p>\n<p>Deze gegevens zullen vertrouwelijk worden behandeld en worden gebruikt voor werving en selectie (door het centraal Directoraat human resources), voor het beheer van klachten en claims (door het klachtenmanagementteam), voor het beheer van verzoeken om informatie of verduidelijking (door het secretariaat) en voor het beheer van de sociale verantwoordelijkheid (door werknemersvertegenwoordigers voor sociale verantwoordelijkheid).<\/p>\n<p>De verwerking van de verzamelde gegevens is noodzakelijk voor de voortzetting van de voornaamste en nevenactiviteiten van de controleurs, die expliciet worden vermeld op de formulieren voor het verzamelen van informatie.<\/p>\n<\/div><\/div><\/div><\/section>\n<section class='av_toggle_section av-kmlzpdnn-1332ee6bf6272837544a9727cf9c0f8a'  itemscope=\"itemscope\" itemtype=\"https:\/\/schema.org\/CreativeWork\" ><div role=\"tablist\" class=\"single_toggle\" data-tags=\"{Alle} \"  ><p data-fake-id='#toegang-tot-persoonsgegevens' class='toggler   av-inherit-border-color'  itemprop=\"headline\"  role='tab' tabindex='0' aria-controls='toegang-tot-persoonsgegevens'>4. Toegang tot persoonsgegevens<span class=\"toggle_icon\"><span class=\"vert_icon\"><\/span><span class=\"hor_icon\"><\/span><\/span><\/p><div id='toegang-tot-persoonsgegevens' class='toggle_wrap  '  ><div class='toggle_content invers-color av-inherit-border-color'  itemprop=\"text\" ><p>Volgens de toepasselijke wetgeving kan de houder van de persoonsgegevens om toegang, bijwerking, correctie vragen, de schorsing en schrapping van de hem betreffende gegevens, of om zich tegen de verwerking ervan te verzetten, alsmede het recht op gegevensoverdraagbaarheid, op persoonlijke wijze, per post of per e-mail, te doen gelden aan:<\/p>\n<p>TDGI Lissabon<\/p>\n<p>Postadres: Lagoas Park, Edif\u00edcio 2, 2740-265 Porto Salvo, Oeiras, Portugal<\/p>\n<p>E-mail : <a href=\"mailto:geral@tdgibelgium.2020tdgiworldbelgium-afedesign.website\">geral@tdgibelgium.2020tdgiworldbelgium-afedesign.website<\/a><\/p>\n<p>Indien de gegevenshouder van mening is dat de verwerking van de betreffende persoonsgegevens de GDPR schendt, kan hij een klacht indienen bij de nationale toezichthoudende autoriteit.<\/p>\n<\/div><\/div><\/div><\/section>\n<section class='av_toggle_section av-kmlzqbto-509b3822c84b2c83ee1fb07658ebdd1f'  itemscope=\"itemscope\" itemtype=\"https:\/\/schema.org\/CreativeWork\" ><div role=\"tablist\" class=\"single_toggle\" data-tags=\"{Alle} \"  ><p data-fake-id='#eerbieding-van-het-priveleven' class='toggler   av-inherit-border-color'  itemprop=\"headline\"  role='tab' tabindex='0' aria-controls='eerbieding-van-het-priveleven'>5. Eerbieding van het priv\u00e9leven<span class=\"toggle_icon\"><span class=\"vert_icon\"><\/span><span class=\"hor_icon\"><\/span><\/span><\/p><div id='eerbieding-van-het-priveleven' class='toggle_wrap  '  ><div class='toggle_content invers-color av-inherit-border-color'  itemprop=\"text\" ><p>Deze privacyverklaring is van toepassing op het verzamelen en verder verwerken van persoonsgegevens die van de houder van het privacy beleid zijn verzameld, alsmede op de uitoefening van zijn rechten in overeenstemming met de General Data Protection Regulation (GDPR). De wetgeving inzake gegevensbescherming is onderhevig aan herziening, dus raden we de gebruiker aan regelmatig onze privacyverklaring te raadplegen.<\/p>\n<\/div><\/div><\/div><\/section>\n<section class='av_toggle_section av-kmlzqi9i-61b81bc8014c4d2f85232b14159d140f'  itemscope=\"itemscope\" itemtype=\"https:\/\/schema.org\/CreativeWork\" ><div role=\"tablist\" class=\"single_toggle\" data-tags=\"{Alle} \"  ><p data-fake-id='#hyperlinks' class='toggler   av-inherit-border-color'  itemprop=\"headline\"  role='tab' tabindex='0' aria-controls='hyperlinks'>6. Hyperlinks<span class=\"toggle_icon\"><span class=\"vert_icon\"><\/span><span class=\"hor_icon\"><\/span><\/span><\/p><div id='hyperlinks' class='toggle_wrap  '  ><div class='toggle_content invers-color av-inherit-border-color'  itemprop=\"text\" ><p>De volledige inhoud van de website (teksten, afbeeldingen, handelsmerken en logo\u2019s) is het intellectuele eigendom van het TDGI-bedrijf. Elke kopie, reproductie, wijziging of distributie van de inhoud van deze website is verboden zonder de schriftelijke toestemming van het bedrijf TDGI. TDGI biedt gratis toegang tot deze website om informatie te verstrekken over ons bedrijf en het werk dat we voor onze klanten doen.<\/p>\n<\/div><\/div><\/div><\/section>\n<section class='av_toggle_section av-kmlzswcx-d6032814151ded16f918babd3210a3ba'  itemscope=\"itemscope\" itemtype=\"https:\/\/schema.org\/CreativeWork\" ><div role=\"tablist\" class=\"single_toggle\" data-tags=\"{Alle} \"  ><p data-fake-id='#beveiliging' class='toggler   av-inherit-border-color'  itemprop=\"headline\"  role='tab' tabindex='0' aria-controls='beveiliging'>7. Beveiliging<span class=\"toggle_icon\"><span class=\"vert_icon\"><\/span><span class=\"hor_icon\"><\/span><\/span><\/p><div id='beveiliging' class='toggle_wrap  '  ><div class='toggle_content invers-color av-inherit-border-color'  itemprop=\"text\" ><p>TDGI S.A. gebruikt technische en organisatorische veiligheidsmaateregelen om te beschermen tegen manipulatie, verlies, vernietiging en ongeoorloofde toegang van de gegevens die u hebt overgedragen en die worden beheerd door TDGI S.A.. De genomen veiligheidsmaatregel worden voortdurend geoptimaliseerd, in overeenstemming met de nieuwste technologische ontwikkelingen.<\/p>\n<\/div><\/div><\/div><\/section>\n<section class='av_toggle_section av-kmlztae0-9bb6e16cf9885dcd4606b6edcc2de30e'  itemscope=\"itemscope\" itemtype=\"https:\/\/schema.org\/CreativeWork\" ><div role=\"tablist\" class=\"single_toggle\" data-tags=\"{Alle} \"  ><p data-fake-id='#recht-en-jurisdictie' class='toggler   av-inherit-border-color'  itemprop=\"headline\"  role='tab' tabindex='0' aria-controls='recht-en-jurisdictie'>8. Recht en jurisdictie<span class=\"toggle_icon\"><span class=\"vert_icon\"><\/span><span class=\"hor_icon\"><\/span><\/span><\/p><div id='recht-en-jurisdictie' class='toggle_wrap  '  ><div class='toggle_content invers-color av-inherit-border-color'  itemprop=\"text\" ><p>Deze website is ontworpen en werkt in overeenstemming met de Belgische wetgeving. Het gebruik van deze website is onderworpen aan de aanvaarding van deze regels en de andere vastgestelde voorwaarden.<\/p>\n<p>Elk geschil over TDGI S.A., in het kader van deze website, zal worden beheerst door de geldende wetgeving, onder der exclusieve jurisdictie van de Belgische rechtbanken.<\/p>\n<\/div><\/div><\/div><\/section>\n<section class='av_toggle_section av-kmlztlp2-bfdbd386434d8bb10fa97dedfc20ade1'  itemscope=\"itemscope\" itemtype=\"https:\/\/schema.org\/CreativeWork\" ><div role=\"tablist\" class=\"single_toggle\" data-tags=\"{Alle} \"  ><p data-fake-id='#aanpassingen' class='toggler   av-inherit-border-color'  itemprop=\"headline\"  role='tab' tabindex='0' aria-controls='aanpassingen'>9. Aanpassingen<span class=\"toggle_icon\"><span class=\"vert_icon\"><\/span><span class=\"hor_icon\"><\/span><\/span><\/p><div id='aanpassingen' class='toggle_wrap  '  ><div class='toggle_content invers-color av-inherit-border-color'  itemprop=\"text\" ><p>TDGI S.A. behoudt zich het recht voor om zijn privacy beleid van tijd tot tijd bij te werken. Wanneer we dit doen, zullen we de datum van de laatste update aangeven. TDGI S.A. behoudt zich ook het recht voor om de toegang tot deze website zonder kennisgeving te schorsen.<\/p>\n<\/div><\/div><\/div><\/section>\n<\/div>\n\n","protected":false},"excerpt":{"rendered":"","protected":false},"author":1,"featured_media":0,"parent":0,"menu_order":6,"comment_status":"closed","ping_status":"closed","template":"","meta":{"footnotes":"","_links_to":"","_links_to_target":""},"class_list":["post-11572","page","type-page","status-publish","hentry"],"yoast_head":"<!-- This site is optimized with the Yoast SEO plugin v27.2 - https:\/\/yoast.com\/product\/yoast-seo-wordpress\/ -->\n<title>Privacyverklaring - TDGI Belgique et Luxembourg<\/title>\n<meta name=\"robots\" content=\"index, follow, max-snippet:-1, max-image-preview:large, max-video-preview:-1\" \/>\n<link rel=\"canonical\" href=\"https:\/\/tdgibelgium.com\/nl\/privacyverklaring\/\" \/>\n<meta property=\"og:locale\" content=\"nl_NL\" \/>\n<meta property=\"og:type\" content=\"article\" \/>\n<meta property=\"og:title\" content=\"Privacyverklaring - TDGI Belgique et Luxembourg\" \/>\n<meta property=\"og:url\" content=\"https:\/\/tdgibelgium.com\/nl\/privacyverklaring\/\" \/>\n<meta property=\"og:site_name\" content=\"TDGI Belgique et Luxembourg\" \/>\n<meta property=\"article:modified_time\" content=\"2021-03-23T12:27:35+00:00\" \/>\n<meta name=\"twitter:card\" content=\"summary_large_image\" \/>\n<meta name=\"twitter:site\" content=\"@TDGI_MKT\" \/>\n<meta name=\"twitter:label1\" content=\"Geschatte leestijd\" \/>\n\t<meta name=\"twitter:data1\" content=\"8 minuten\" \/>\n<script type=\"application\/ld+json\" class=\"yoast-schema-graph\">{\"@context\":\"https:\/\/schema.org\",\"@graph\":[{\"@type\":\"WebPage\",\"@id\":\"https:\/\/tdgibelgium.com\/nl\/privacyverklaring\/\",\"url\":\"https:\/\/tdgibelgium.com\/nl\/privacyverklaring\/\",\"name\":\"Privacyverklaring - TDGI Belgique et Luxembourg\",\"isPartOf\":{\"@id\":\"https:\/\/tdgibelgium.com\/#website\"},\"datePublished\":\"2018-01-22T12:09:14+00:00\",\"dateModified\":\"2021-03-23T12:27:35+00:00\",\"breadcrumb\":{\"@id\":\"https:\/\/tdgibelgium.com\/nl\/privacyverklaring\/#breadcrumb\"},\"inLanguage\":\"nl-NL\",\"potentialAction\":[{\"@type\":\"ReadAction\",\"target\":[\"https:\/\/tdgibelgium.com\/nl\/privacyverklaring\/\"]}]},{\"@type\":\"BreadcrumbList\",\"@id\":\"https:\/\/tdgibelgium.com\/nl\/privacyverklaring\/#breadcrumb\",\"itemListElement\":[{\"@type\":\"ListItem\",\"position\":1,\"name\":\"In\u00edcio\",\"item\":\"https:\/\/tdgibelgium.com\/nl\/home\/\"},{\"@type\":\"ListItem\",\"position\":2,\"name\":\"Privacyverklaring\"}]},{\"@type\":\"WebSite\",\"@id\":\"https:\/\/tdgibelgium.com\/#website\",\"url\":\"https:\/\/tdgibelgium.com\/\",\"name\":\"TDGI Belgique et Luxembourg\",\"description\":\"\",\"publisher\":{\"@id\":\"https:\/\/tdgibelgium.com\/#organization\"},\"potentialAction\":[{\"@type\":\"SearchAction\",\"target\":{\"@type\":\"EntryPoint\",\"urlTemplate\":\"https:\/\/tdgibelgium.com\/?s={search_term_string}\"},\"query-input\":{\"@type\":\"PropertyValueSpecification\",\"valueRequired\":true,\"valueName\":\"search_term_string\"}}],\"inLanguage\":\"nl-NL\"},{\"@type\":\"Organization\",\"@id\":\"https:\/\/tdgibelgium.com\/#organization\",\"name\":\"TDGI Portugal\",\"url\":\"https:\/\/tdgibelgium.com\/\",\"logo\":{\"@type\":\"ImageObject\",\"inLanguage\":\"nl-NL\",\"@id\":\"https:\/\/tdgibelgium.com\/#\/schema\/logo\/image\/\",\"url\":\"https:\/\/tdgibelgium.com\/wp-content\/uploads\/2018\/01\/logo_TDGI_home_2.png\",\"contentUrl\":\"https:\/\/tdgibelgium.com\/wp-content\/uploads\/2018\/01\/logo_TDGI_home_2.png\",\"width\":170,\"height\":77,\"caption\":\"TDGI Portugal\"},\"image\":{\"@id\":\"https:\/\/tdgibelgium.com\/#\/schema\/logo\/image\/\"},\"sameAs\":[\"https:\/\/x.com\/TDGI_MKT\",\"https:\/\/www.linkedin.com\/company\/tdgi-s-a----tecnologia-de-gest-o-de-im-veis-s-a-?trk=vsrp_companies_res_name&amp;amp;amp;amp;amp;amp;amp;amp;amp;amp;amp;amp;amp;amp;trkInfo=VSRPsearchId:628596361443539372973,VSRPtargetId:372731,VSRPcmpt:primary\",\"https:\/\/www.linkedin.com\/company\/tdgi-s-a----tecnologia-de-gest-o-de-im-veis-s-a-?trk=vsrp_companies_res_name&amp;amp;amp;amp;amp;amp;amp;amp;amp;amp;amp;amp;trkInfo=VSRPsearchId:628596361443539372973,VSRPtargetId:372731,VSRPcmpt:primary\",\"https:\/\/www.youtube.com\/user\/TDGIWorld\"]}]}<\/script>\n<!-- \/ Yoast SEO plugin. -->","yoast_head_json":{"title":"Privacyverklaring - TDGI Belgique et Luxembourg","robots":{"index":"index","follow":"follow","max-snippet":"max-snippet:-1","max-image-preview":"max-image-preview:large","max-video-preview":"max-video-preview:-1"},"canonical":"https:\/\/tdgibelgium.com\/nl\/privacyverklaring\/","og_locale":"nl_NL","og_type":"article","og_title":"Privacyverklaring - TDGI Belgique et Luxembourg","og_url":"https:\/\/tdgibelgium.com\/nl\/privacyverklaring\/","og_site_name":"TDGI Belgique et Luxembourg","article_modified_time":"2021-03-23T12:27:35+00:00","twitter_card":"summary_large_image","twitter_site":"@TDGI_MKT","twitter_misc":{"Geschatte leestijd":"8 minuten"},"schema":{"@context":"https:\/\/schema.org","@graph":[{"@type":"WebPage","@id":"https:\/\/tdgibelgium.com\/nl\/privacyverklaring\/","url":"https:\/\/tdgibelgium.com\/nl\/privacyverklaring\/","name":"Privacyverklaring - TDGI Belgique et Luxembourg","isPartOf":{"@id":"https:\/\/tdgibelgium.com\/#website"},"datePublished":"2018-01-22T12:09:14+00:00","dateModified":"2021-03-23T12:27:35+00:00","breadcrumb":{"@id":"https:\/\/tdgibelgium.com\/nl\/privacyverklaring\/#breadcrumb"},"inLanguage":"nl-NL","potentialAction":[{"@type":"ReadAction","target":["https:\/\/tdgibelgium.com\/nl\/privacyverklaring\/"]}]},{"@type":"BreadcrumbList","@id":"https:\/\/tdgibelgium.com\/nl\/privacyverklaring\/#breadcrumb","itemListElement":[{"@type":"ListItem","position":1,"name":"In\u00edcio","item":"https:\/\/tdgibelgium.com\/nl\/home\/"},{"@type":"ListItem","position":2,"name":"Privacyverklaring"}]},{"@type":"WebSite","@id":"https:\/\/tdgibelgium.com\/#website","url":"https:\/\/tdgibelgium.com\/","name":"TDGI Belgique et Luxembourg","description":"","publisher":{"@id":"https:\/\/tdgibelgium.com\/#organization"},"potentialAction":[{"@type":"SearchAction","target":{"@type":"EntryPoint","urlTemplate":"https:\/\/tdgibelgium.com\/?s={search_term_string}"},"query-input":{"@type":"PropertyValueSpecification","valueRequired":true,"valueName":"search_term_string"}}],"inLanguage":"nl-NL"},{"@type":"Organization","@id":"https:\/\/tdgibelgium.com\/#organization","name":"TDGI Portugal","url":"https:\/\/tdgibelgium.com\/","logo":{"@type":"ImageObject","inLanguage":"nl-NL","@id":"https:\/\/tdgibelgium.com\/#\/schema\/logo\/image\/","url":"https:\/\/tdgibelgium.com\/wp-content\/uploads\/2018\/01\/logo_TDGI_home_2.png","contentUrl":"https:\/\/tdgibelgium.com\/wp-content\/uploads\/2018\/01\/logo_TDGI_home_2.png","width":170,"height":77,"caption":"TDGI Portugal"},"image":{"@id":"https:\/\/tdgibelgium.com\/#\/schema\/logo\/image\/"},"sameAs":["https:\/\/x.com\/TDGI_MKT","https:\/\/www.linkedin.com\/company\/tdgi-s-a----tecnologia-de-gest-o-de-im-veis-s-a-?trk=vsrp_companies_res_name&amp;amp;amp;amp;amp;amp;amp;amp;amp;amp;amp;amp;amp;amp;trkInfo=VSRPsearchId:628596361443539372973,VSRPtargetId:372731,VSRPcmpt:primary","https:\/\/www.linkedin.com\/company\/tdgi-s-a----tecnologia-de-gest-o-de-im-veis-s-a-?trk=vsrp_companies_res_name&amp;amp;amp;amp;amp;amp;amp;amp;amp;amp;amp;amp;trkInfo=VSRPsearchId:628596361443539372973,VSRPtargetId:372731,VSRPcmpt:primary","https:\/\/www.youtube.com\/user\/TDGIWorld"]}]}},"_links":{"self":[{"href":"https:\/\/tdgibelgium.com\/nl\/wp-json\/wp\/v2\/pages\/11572","targetHints":{"allow":["GET"]}}],"collection":[{"href":"https:\/\/tdgibelgium.com\/nl\/wp-json\/wp\/v2\/pages"}],"about":[{"href":"https:\/\/tdgibelgium.com\/nl\/wp-json\/wp\/v2\/types\/page"}],"author":[{"embeddable":true,"href":"https:\/\/tdgibelgium.com\/nl\/wp-json\/wp\/v2\/users\/1"}],"replies":[{"embeddable":true,"href":"https:\/\/tdgibelgium.com\/nl\/wp-json\/wp\/v2\/comments?post=11572"}],"version-history":[{"count":6,"href":"https:\/\/tdgibelgium.com\/nl\/wp-json\/wp\/v2\/pages\/11572\/revisions"}],"predecessor-version":[{"id":13202,"href":"https:\/\/tdgibelgium.com\/nl\/wp-json\/wp\/v2\/pages\/11572\/revisions\/13202"}],"wp:attachment":[{"href":"https:\/\/tdgibelgium.com\/nl\/wp-json\/wp\/v2\/media?parent=11572"}],"curies":[{"name":"wp","href":"https:\/\/api.w.org\/{rel}","templated":true}]}}